{"id":4645,"date":"2024-12-13T09:46:19","date_gmt":"2024-12-13T09:46:19","guid":{"rendered":"https:\/\/tykabiten.fr\/?page_id=4645"},"modified":"2024-12-13T09:57:36","modified_gmt":"2024-12-13T09:57:36","slug":"mentions-legales","status":"publish","type":"page","link":"https:\/\/tykabiten.fr\/en\/mentions-legales\/","title":{"rendered":"Legal Notices"},"content":{"rendered":"\t\t<div data-elementor-type=\"wp-page\" data-elementor-id=\"4645\" class=\"elementor elementor-4645\">\n\t\t\t\t\t\t<section class=\"elementor-section elementor-top-section elementor-element elementor-element-f949699 elementor-section-boxed elementor-section-height-default elementor-section-height-default\" data-id=\"f949699\" data-element_type=\"section\" data-e-type=\"section\">\n\t\t\t\t\t\t<div class=\"elementor-container elementor-column-gap-default\">\n\t\t\t\t\t<div class=\"elementor-column elementor-col-100 elementor-top-column elementor-element elementor-element-3c8530c\" data-id=\"3c8530c\" data-element_type=\"column\" data-e-type=\"column\">\n\t\t\t<div class=\"elementor-widget-wrap elementor-element-populated\">\n\t\t\t\t\t\t<div class=\"elementor-element elementor-element-45d30c5 elementor-widget elementor-widget-text-editor\" data-id=\"45d30c5\" data-element_type=\"widget\" data-e-type=\"widget\" data-widget_type=\"text-editor.default\">\n\t\t\t\t<div class=\"elementor-widget-container\">\n\t\t\t\t\t\t\t\t\t<p>Conform\u00e9ment \u00e0 la loi n\u00b0 2004-575 du 21 juin 2004 pour la confiance dans l\u2019\u00e9conomie num\u00e9rique :<\/p>\n<h2><strong>Informations \u00e9diteur<\/strong><\/h2>\n<p>\u00c9diteur : Ty Kabiten, LMNP<\/p>\n<p>N\u00b0 SIREN :838514800 (RCS de Lorient)<br>TVA Intracommunautaire : Non assujetti \u00e0 la TVA<\/p>\n<p>6 Route d&rsquo;Auray<\/p>\n<p>56740 LOCMARIAQUER<\/p>\n<p>06 76 79 06 91<br>management[@]tykabiten.fr<\/p>\n<p>Directrice de la Publication : Mme DANIEL Johanna<\/p>\n<h2><strong>H\u00e9bergement<\/strong><\/h2>\n<p>OVH GROUPE<br>2 rue Kellermann, 59100 Roubaix<\/p>\n<p>+33 9 72 10 10 07<\/p>\n<p><\/p>\n<p><strong style=\"color: var(--ast-global-color-2); font-family: Raleway, sans-serif; font-size: 1.875rem; font-style: inherit; background-color: var(--ast-global-color-5);\">Conditions d\u2019utilisation<\/strong><\/p>\n<p>Le site www.tylabiten.fr (ci-apr\u00e8s \u00ab le site \u00bb) a pour objet de fournir une information concernant l\u2019ensemble des services fournis par Ty Kabiten.<\/p>\n<h2>Liens hypertextes<\/h2>\n<p>Le site peut int\u00e9grer des liens hypertextes en direction des sites web tiers, y compris des sites de partenaires commerciaux. Nous ne pourrons en aucune fa\u00e7on \u00eatre tenus responsables des dommages directs et\/ou indirects qui pourraient r\u00e9sulter de l\u2019utilisation de contenus, donn\u00e9es ou informations de toute nature, accessibles \u00e0 partir desdits liens hypertextes. Il vous incombe de contr\u00f4ler que les informations figurant sur ces sites web partenaires sont exactes, compl\u00e8tes et conformes \u00e0 la r\u00e9glementation.&nbsp;<\/p>\n<h2><strong>Droits d\u2019auteur<\/strong><\/h2>\n<p>Les \u00e9l\u00e9ments pr\u00e9sents sur ce site (structure, design, images, vid\u00e9os, textes ou tous autres \u00e9l\u00e9ments) sont la propri\u00e9t\u00e9 exclusive de Ty Kabiten. En cons\u00e9quence, toute reproduction de ceux-ci est formellement interdite sans autorisation \u00e9crite pr\u00e9alable de Ty Kabiten.<\/p>\n<h2><strong>Protection des donn\u00e9es personnelles<\/strong><\/h2>\n<p>Nous vous informons que lors de vos visites sur notre site, des cookies sont susceptibles de s\u2019installer automatiquement sur votre terminal (ordinateur, tablette, smartphone), sous r\u00e9serve de votre choix.&nbsp;<\/p>\n<p>Pour en savoir plus, nous vous invitons \u00e0 consulter notre politique de confidentialit\u00e9.<\/p>\t\t\t\t\t\t\t\t<\/div>\n\t\t\t\t<\/div>\n\t\t\t\t\t<\/div>\n\t\t<\/div>\n\t\t\t\t\t<\/div>\n\t\t<\/section>\n\t\t\t\t<\/div>\n\t\t","protected":false},"excerpt":{"rendered":"<p>Conform\u00e9ment \u00e0 la loi n\u00b0 2004-575 du 21 juin 2004 pour la confiance dans l\u2019\u00e9conomie num\u00e9rique : Informations \u00e9diteur \u00c9diteur [&hellip;]<\/p>\n","protected":false},"author":1,"featured_media":0,"parent":0,"menu_order":0,"comment_status":"closed","ping_status":"closed","template":"","meta":{"site-sidebar-layout":"no-sidebar","site-content-layout":"","ast-site-content-layout":"full-width-container","site-content-style":"default","site-sidebar-style":"default","ast-global-header-display":"","ast-banner-title-visibility":"","ast-main-header-display":"","ast-hfb-above-header-display":"","ast-hfb-below-header-display":"","ast-hfb-mobile-header-display":"","site-post-title":"disabled","ast-breadcrumbs-content":"","ast-featured-img":"disabled","footer-sml-layout":"","theme-transparent-header-meta":"","adv-header-id-meta":"","stick-header-meta":"","header-above-stick-meta":"","header-main-stick-meta":"","header-below-stick-meta":"","astra-migrate-meta-layouts":"default","ast-page-background-enabled":"default","ast-page-background-meta":{"desktop":{"background-color":"var(--ast-global-color-4)","background-image":"","background-repeat":"repeat","background-position":"center center","background-size":"auto","background-attachment":"scroll","background-type":"","background-media":"","overlay-type":"","overlay-color":"","overlay-opacity":"","overlay-gradient":""},"tablet":{"background-color":"","background-image":"","background-repeat":"repeat","background-position":"center center","background-size":"auto","background-attachment":"scroll","background-type":"","background-media":"","overlay-type":"","overlay-color":"","overlay-opacity":"","overlay-gradient":""},"mobile":{"background-color":"","background-image":"","background-repeat":"repeat","background-position":"center center","background-size":"auto","background-attachment":"scroll","background-type":"","background-media":"","overlay-type":"","overlay-color":"","overlay-opacity":"","overlay-gradient":""}},"ast-content-background-meta":{"desktop":{"background-color":"var(--ast-global-color-5)","background-image":"","background-repeat":"repeat","background-position":"center center","background-size":"auto","background-attachment":"scroll","background-type":"","background-media":"","overlay-type":"","overlay-color":"","overlay-opacity":"","overlay-gradient":""},"tablet":{"background-color":"var(--ast-global-color-5)","background-image":"","background-repeat":"repeat","background-position":"center center","background-size":"auto","background-attachment":"scroll","background-type":"","background-media":"","overlay-type":"","overlay-color":"","overlay-opacity":"","overlay-gradient":""},"mobile":{"background-color":"var(--ast-global-color-5)","background-image":"","background-repeat":"repeat","background-position":"center center","background-size":"auto","background-attachment":"scroll","background-type":"","background-media":"","overlay-type":"","overlay-color":"","overlay-opacity":"","overlay-gradient":""}},"footnotes":""},"class_list":["post-4645","page","type-page","status-publish","hentry"],"yoast_head":"<!-- This site is optimized with the Yoast SEO plugin v26.5 - https:\/\/yoast.com\/wordpress\/plugins\/seo\/ -->\n<title>Mentions l\u00e9gales - Ty Kabiten, Bretagne<\/title>\n<meta name=\"robots\" content=\"index, follow, max-snippet:-1, max-image-preview:large, max-video-preview:-1\" \/>\n<link rel=\"canonical\" href=\"https:\/\/tykabiten.fr\/en\/mentions-legales\/\" \/>\n<meta property=\"og:locale\" content=\"en_GB\" \/>\n<meta property=\"og:type\" content=\"article\" \/>\n<meta property=\"og:title\" content=\"Mentions l\u00e9gales - Ty Kabiten, Bretagne\" \/>\n<meta property=\"og:description\" content=\"Conform\u00e9ment \u00e0 la loi n\u00b0 2004-575 du 21 juin 2004 pour la confiance dans l\u2019\u00e9conomie num\u00e9rique : Informations \u00e9diteur \u00c9diteur [&hellip;]\" \/>\n<meta property=\"og:url\" content=\"https:\/\/tykabiten.fr\/en\/mentions-legales\/\" \/>\n<meta property=\"og:site_name\" content=\"Ty Kabiten, Bretagne\" \/>\n<meta property=\"article:modified_time\" content=\"2024-12-13T09:57:36+00:00\" \/>\n<meta name=\"twitter:card\" content=\"summary_large_image\" \/>\n<meta name=\"twitter:label1\" content=\"Estimated reading time\" \/>\n\t<meta name=\"twitter:data1\" content=\"1 minute\" \/>\n<script type=\"application\/ld+json\" class=\"yoast-schema-graph\">{\"@context\":\"https:\/\/schema.org\",\"@graph\":[{\"@type\":\"WebPage\",\"@id\":\"https:\/\/tykabiten.fr\/mentions-legales\/\",\"url\":\"https:\/\/tykabiten.fr\/mentions-legales\/\",\"name\":\"Mentions l\u00e9gales - Ty Kabiten, Bretagne\",\"isPartOf\":{\"@id\":\"https:\/\/tykabiten.fr\/#website\"},\"datePublished\":\"2024-12-13T09:46:19+00:00\",\"dateModified\":\"2024-12-13T09:57:36+00:00\",\"breadcrumb\":{\"@id\":\"https:\/\/tykabiten.fr\/mentions-legales\/#breadcrumb\"},\"inLanguage\":\"en-GB\",\"potentialAction\":[{\"@type\":\"ReadAction\",\"target\":[\"https:\/\/tykabiten.fr\/mentions-legales\/\"]}]},{\"@type\":\"BreadcrumbList\",\"@id\":\"https:\/\/tykabiten.fr\/mentions-legales\/#breadcrumb\",\"itemListElement\":[{\"@type\":\"ListItem\",\"position\":1,\"name\":\"Accueil\",\"item\":\"https:\/\/tykabiten.fr\/\"},{\"@type\":\"ListItem\",\"position\":2,\"name\":\"Mentions l\u00e9gales\"}]},{\"@type\":\"WebSite\",\"@id\":\"https:\/\/tykabiten.fr\/#website\",\"url\":\"https:\/\/tykabiten.fr\/\",\"name\":\"Ty Kabiten, Bretagne\",\"description\":\"Location Saisonniere en Bord de Mer - Locmariaquer, Morbihan\",\"publisher\":{\"@id\":\"https:\/\/tykabiten.fr\/#organization\"},\"potentialAction\":[{\"@type\":\"SearchAction\",\"target\":{\"@type\":\"EntryPoint\",\"urlTemplate\":\"https:\/\/tykabiten.fr\/?s={search_term_string}\"},\"query-input\":{\"@type\":\"PropertyValueSpecification\",\"valueRequired\":true,\"valueName\":\"search_term_string\"}}],\"inLanguage\":\"en-GB\"},{\"@type\":\"Organization\",\"@id\":\"https:\/\/tykabiten.fr\/#organization\",\"name\":\"Ty Kabiten, Bretagne\",\"url\":\"https:\/\/tykabiten.fr\/\",\"logo\":{\"@type\":\"ImageObject\",\"inLanguage\":\"en-GB\",\"@id\":\"https:\/\/tykabiten.fr\/#\/schema\/logo\/image\/\",\"url\":\"https:\/\/tykabiten.fr\/wp-content\/uploads\/2024\/10\/cropped-logo-no-bg.png\",\"contentUrl\":\"https:\/\/tykabiten.fr\/wp-content\/uploads\/2024\/10\/cropped-logo-no-bg.png\",\"width\":200,\"height\":200,\"caption\":\"Ty Kabiten, Bretagne\"},\"image\":{\"@id\":\"https:\/\/tykabiten.fr\/#\/schema\/logo\/image\/\"}}]}<\/script>\n<!-- \/ Yoast SEO plugin. -->","yoast_head_json":{"title":"Mentions l\u00e9gales - Ty Kabiten, Bretagne","robots":{"index":"index","follow":"follow","max-snippet":"max-snippet:-1","max-image-preview":"max-image-preview:large","max-video-preview":"max-video-preview:-1"},"canonical":"https:\/\/tykabiten.fr\/en\/mentions-legales\/","og_locale":"en_GB","og_type":"article","og_title":"Mentions l\u00e9gales - Ty Kabiten, Bretagne","og_description":"Conform\u00e9ment \u00e0 la loi n\u00b0 2004-575 du 21 juin 2004 pour la confiance dans l\u2019\u00e9conomie num\u00e9rique : Informations \u00e9diteur \u00c9diteur [&hellip;]","og_url":"https:\/\/tykabiten.fr\/en\/mentions-legales\/","og_site_name":"Ty Kabiten, Bretagne","article_modified_time":"2024-12-13T09:57:36+00:00","twitter_card":"summary_large_image","twitter_misc":{"Estimated reading time":"1 minute"},"schema":{"@context":"https:\/\/schema.org","@graph":[{"@type":"WebPage","@id":"https:\/\/tykabiten.fr\/mentions-legales\/","url":"https:\/\/tykabiten.fr\/mentions-legales\/","name":"Mentions l\u00e9gales - Ty Kabiten, Bretagne","isPartOf":{"@id":"https:\/\/tykabiten.fr\/#website"},"datePublished":"2024-12-13T09:46:19+00:00","dateModified":"2024-12-13T09:57:36+00:00","breadcrumb":{"@id":"https:\/\/tykabiten.fr\/mentions-legales\/#breadcrumb"},"inLanguage":"en-GB","potentialAction":[{"@type":"ReadAction","target":["https:\/\/tykabiten.fr\/mentions-legales\/"]}]},{"@type":"BreadcrumbList","@id":"https:\/\/tykabiten.fr\/mentions-legales\/#breadcrumb","itemListElement":[{"@type":"ListItem","position":1,"name":"Accueil","item":"https:\/\/tykabiten.fr\/"},{"@type":"ListItem","position":2,"name":"Mentions l\u00e9gales"}]},{"@type":"WebSite","@id":"https:\/\/tykabiten.fr\/#website","url":"https:\/\/tykabiten.fr\/","name":"Ty Kabiten, Britanny","description":"Location Saisonniere en Bord de Mer - Locmariaquer, Morbihan","publisher":{"@id":"https:\/\/tykabiten.fr\/#organization"},"potentialAction":[{"@type":"SearchAction","target":{"@type":"EntryPoint","urlTemplate":"https:\/\/tykabiten.fr\/?s={search_term_string}"},"query-input":{"@type":"PropertyValueSpecification","valueRequired":true,"valueName":"search_term_string"}}],"inLanguage":"en-GB"},{"@type":"Organization","@id":"https:\/\/tykabiten.fr\/#organization","name":"Ty Kabiten, Britanny","url":"https:\/\/tykabiten.fr\/","logo":{"@type":"ImageObject","inLanguage":"en-GB","@id":"https:\/\/tykabiten.fr\/#\/schema\/logo\/image\/","url":"https:\/\/tykabiten.fr\/wp-content\/uploads\/2024\/10\/cropped-logo-no-bg.png","contentUrl":"https:\/\/tykabiten.fr\/wp-content\/uploads\/2024\/10\/cropped-logo-no-bg.png","width":200,"height":200,"caption":"Ty Kabiten, Bretagne"},"image":{"@id":"https:\/\/tykabiten.fr\/#\/schema\/logo\/image\/"}}]}},"_links":{"self":[{"href":"https:\/\/tykabiten.fr\/en\/wp-json\/wp\/v2\/pages\/4645","targetHints":{"allow":["GET"]}}],"collection":[{"href":"https:\/\/tykabiten.fr\/en\/wp-json\/wp\/v2\/pages"}],"about":[{"href":"https:\/\/tykabiten.fr\/en\/wp-json\/wp\/v2\/types\/page"}],"author":[{"embeddable":true,"href":"https:\/\/tykabiten.fr\/en\/wp-json\/wp\/v2\/users\/1"}],"replies":[{"embeddable":true,"href":"https:\/\/tykabiten.fr\/en\/wp-json\/wp\/v2\/comments?post=4645"}],"version-history":[{"count":0,"href":"https:\/\/tykabiten.fr\/en\/wp-json\/wp\/v2\/pages\/4645\/revisions"}],"wp:attachment":[{"href":"https:\/\/tykabiten.fr\/en\/wp-json\/wp\/v2\/media?parent=4645"}],"curies":[{"name":"wp","href":"https:\/\/api.w.org\/{rel}","templated":true}]}}