{"id":4875,"date":"2024-12-19T14:37:31","date_gmt":"2024-12-19T14:37:31","guid":{"rendered":"https:\/\/tykabiten.fr\/?page_id=4875"},"modified":"2024-12-19T14:39:37","modified_gmt":"2024-12-19T14:39:37","slug":"politique-de-confidentialite","status":"publish","type":"page","link":"https:\/\/tykabiten.fr\/en\/politique-de-confidentialite\/","title":{"rendered":"Privacy Policy"},"content":{"rendered":"<div data-elementor-type=\"wp-page\" data-elementor-id=\"4875\" class=\"elementor elementor-4875\">\n\t\t\t\t\t\t<section class=\"elementor-section elementor-top-section elementor-element elementor-element-d24c8f0 elementor-section-boxed elementor-section-height-default elementor-section-height-default\" data-id=\"d24c8f0\" data-element_type=\"section\" data-e-type=\"section\">\n\t\t\t\t\t\t<div class=\"elementor-container elementor-column-gap-default\">\n\t\t\t\t\t<div class=\"elementor-column elementor-col-100 elementor-top-column elementor-element elementor-element-8ddcec8\" data-id=\"8ddcec8\" data-element_type=\"column\" data-e-type=\"column\">\n\t\t\t<div class=\"elementor-widget-wrap elementor-element-populated\">\n\t\t\t\t\t\t<div class=\"elementor-element elementor-element-704e736 elementor-widget elementor-widget-text-editor\" data-id=\"704e736\" data-element_type=\"widget\" data-e-type=\"widget\" data-widget_type=\"text-editor.default\">\n\t\t\t\t<div class=\"elementor-widget-container\">\n\t\t\t\t\t\t\t\t\t<p>Ty Kabiten veille attentivement \u00e0 la protection de vos donn\u00e9es personnelles. Conform\u00e9ment au R\u00e8glement G\u00e9n\u00e9ral sur la Protection des Donn\u00e9es entr\u00e9 en application le 25 mai 2018, nous vous informons des modalit\u00e9s de collecte de vos informations personnelles et de vos droits en la mati\u00e8re.<\/p>\t\t\t\t\t\t\t\t<\/div>\n\t\t\t\t<\/div>\n\t\t\t\t\t<\/div>\n\t\t<\/div>\n\t\t\t\t\t<\/div>\n\t\t<\/section>\n\t\t\t\t<\/div>","protected":false},"excerpt":{"rendered":"<p>Ty Kabiten veille attentivement \u00e0 la protection de vos donn\u00e9es personnelles. Conform\u00e9ment au R\u00e8glement G\u00e9n\u00e9ral sur la Protection des Donn\u00e9es [&hellip;]<\/p>\n","protected":false},"author":1,"featured_media":0,"parent":0,"menu_order":0,"comment_status":"closed","ping_status":"closed","template":"","meta":{"site-sidebar-layout":"no-sidebar","site-content-layout":"","ast-site-content-layout":"full-width-container","site-content-style":"default","site-sidebar-style":"default","ast-global-header-display":"","ast-banner-title-visibility":"","ast-main-header-display":"","ast-hfb-above-header-display":"","ast-hfb-below-header-display":"","ast-hfb-mobile-header-display":"","site-post-title":"disabled","ast-breadcrumbs-content":"","ast-featured-img":"disabled","footer-sml-layout":"","theme-transparent-header-meta":"","adv-header-id-meta":"","stick-header-meta":"","header-above-stick-meta":"","header-main-stick-meta":"","header-below-stick-meta":"","astra-migrate-meta-layouts":"default","ast-page-background-enabled":"default","ast-page-background-meta":{"desktop":{"background-color":"var(--ast-global-color-4)","background-image":"","background-repeat":"repeat","background-position":"center center","background-size":"auto","background-attachment":"scroll","background-type":"","background-media":"","overlay-type":"","overlay-color":"","overlay-opacity":"","overlay-gradient":""},"tablet":{"background-color":"","background-image":"","background-repeat":"repeat","background-position":"center center","background-size":"auto","background-attachment":"scroll","background-type":"","background-media":"","overlay-type":"","overlay-color":"","overlay-opacity":"","overlay-gradient":""},"mobile":{"background-color":"","background-image":"","background-repeat":"repeat","background-position":"center center","background-size":"auto","background-attachment":"scroll","background-type":"","background-media":"","overlay-type":"","overlay-color":"","overlay-opacity":"","overlay-gradient":""}},"ast-content-background-meta":{"desktop":{"background-color":"var(--ast-global-color-5)","background-image":"","background-repeat":"repeat","background-position":"center center","background-size":"auto","background-attachment":"scroll","background-type":"","background-media":"","overlay-type":"","overlay-color":"","overlay-opacity":"","overlay-gradient":""},"tablet":{"background-color":"var(--ast-global-color-5)","background-image":"","background-repeat":"repeat","background-position":"center center","background-size":"auto","background-attachment":"scroll","background-type":"","background-media":"","overlay-type":"","overlay-color":"","overlay-opacity":"","overlay-gradient":""},"mobile":{"background-color":"var(--ast-global-color-5)","background-image":"","background-repeat":"repeat","background-position":"center center","background-size":"auto","background-attachment":"scroll","background-type":"","background-media":"","overlay-type":"","overlay-color":"","overlay-opacity":"","overlay-gradient":""}},"footnotes":""},"class_list":["post-4875","page","type-page","status-publish","hentry"],"yoast_head":"<!-- This site is optimized with the Yoast SEO plugin v26.5 - https:\/\/yoast.com\/wordpress\/plugins\/seo\/ -->\n<title>Politique de confidentialit\u00e9 - Ty Kabiten, Bretagne<\/title>\n<meta name=\"robots\" content=\"index, follow, max-snippet:-1, max-image-preview:large, max-video-preview:-1\" \/>\n<link rel=\"canonical\" href=\"https:\/\/tykabiten.fr\/en\/politique-de-confidentialite\/\" \/>\n<meta property=\"og:locale\" content=\"en_GB\" \/>\n<meta property=\"og:type\" content=\"article\" \/>\n<meta property=\"og:title\" content=\"Politique de confidentialit\u00e9 - Ty Kabiten, Bretagne\" \/>\n<meta property=\"og:description\" content=\"Ty Kabiten veille attentivement \u00e0 la protection de vos donn\u00e9es personnelles. Conform\u00e9ment au R\u00e8glement G\u00e9n\u00e9ral sur la Protection des Donn\u00e9es [&hellip;]\" \/>\n<meta property=\"og:url\" content=\"https:\/\/tykabiten.fr\/en\/politique-de-confidentialite\/\" \/>\n<meta property=\"og:site_name\" content=\"Ty Kabiten, Bretagne\" \/>\n<meta property=\"article:modified_time\" content=\"2024-12-19T14:39:37+00:00\" \/>\n<meta name=\"twitter:card\" content=\"summary_large_image\" \/>\n<script type=\"application\/ld+json\" class=\"yoast-schema-graph\">{\"@context\":\"https:\/\/schema.org\",\"@graph\":[{\"@type\":\"WebPage\",\"@id\":\"https:\/\/tykabiten.fr\/politique-de-confidentialite\/\",\"url\":\"https:\/\/tykabiten.fr\/politique-de-confidentialite\/\",\"name\":\"Politique de confidentialit\u00e9 - Ty Kabiten, Bretagne\",\"isPartOf\":{\"@id\":\"https:\/\/tykabiten.fr\/#website\"},\"datePublished\":\"2024-12-19T14:37:31+00:00\",\"dateModified\":\"2024-12-19T14:39:37+00:00\",\"breadcrumb\":{\"@id\":\"https:\/\/tykabiten.fr\/politique-de-confidentialite\/#breadcrumb\"},\"inLanguage\":\"en-GB\",\"potentialAction\":[{\"@type\":\"ReadAction\",\"target\":[\"https:\/\/tykabiten.fr\/politique-de-confidentialite\/\"]}]},{\"@type\":\"BreadcrumbList\",\"@id\":\"https:\/\/tykabiten.fr\/politique-de-confidentialite\/#breadcrumb\",\"itemListElement\":[{\"@type\":\"ListItem\",\"position\":1,\"name\":\"Accueil\",\"item\":\"https:\/\/tykabiten.fr\/\"},{\"@type\":\"ListItem\",\"position\":2,\"name\":\"Politique de confidentialit\u00e9\"}]},{\"@type\":\"WebSite\",\"@id\":\"https:\/\/tykabiten.fr\/#website\",\"url\":\"https:\/\/tykabiten.fr\/\",\"name\":\"Ty Kabiten, Bretagne\",\"description\":\"Location Saisonniere en Bord de Mer - Locmariaquer, Morbihan\",\"publisher\":{\"@id\":\"https:\/\/tykabiten.fr\/#organization\"},\"potentialAction\":[{\"@type\":\"SearchAction\",\"target\":{\"@type\":\"EntryPoint\",\"urlTemplate\":\"https:\/\/tykabiten.fr\/?s={search_term_string}\"},\"query-input\":{\"@type\":\"PropertyValueSpecification\",\"valueRequired\":true,\"valueName\":\"search_term_string\"}}],\"inLanguage\":\"en-GB\"},{\"@type\":\"Organization\",\"@id\":\"https:\/\/tykabiten.fr\/#organization\",\"name\":\"Ty Kabiten, Bretagne\",\"url\":\"https:\/\/tykabiten.fr\/\",\"logo\":{\"@type\":\"ImageObject\",\"inLanguage\":\"en-GB\",\"@id\":\"https:\/\/tykabiten.fr\/#\/schema\/logo\/image\/\",\"url\":\"https:\/\/tykabiten.fr\/wp-content\/uploads\/2024\/10\/cropped-logo-no-bg.png\",\"contentUrl\":\"https:\/\/tykabiten.fr\/wp-content\/uploads\/2024\/10\/cropped-logo-no-bg.png\",\"width\":200,\"height\":200,\"caption\":\"Ty Kabiten, Bretagne\"},\"image\":{\"@id\":\"https:\/\/tykabiten.fr\/#\/schema\/logo\/image\/\"}}]}<\/script>\n<!-- \/ Yoast SEO plugin. -->","yoast_head_json":{"title":"Politique de confidentialit\u00e9 - Ty Kabiten, Bretagne","robots":{"index":"index","follow":"follow","max-snippet":"max-snippet:-1","max-image-preview":"max-image-preview:large","max-video-preview":"max-video-preview:-1"},"canonical":"https:\/\/tykabiten.fr\/en\/politique-de-confidentialite\/","og_locale":"en_GB","og_type":"article","og_title":"Politique de confidentialit\u00e9 - Ty Kabiten, Bretagne","og_description":"Ty Kabiten veille attentivement \u00e0 la protection de vos donn\u00e9es personnelles. Conform\u00e9ment au R\u00e8glement G\u00e9n\u00e9ral sur la Protection des Donn\u00e9es [&hellip;]","og_url":"https:\/\/tykabiten.fr\/en\/politique-de-confidentialite\/","og_site_name":"Ty Kabiten, Bretagne","article_modified_time":"2024-12-19T14:39:37+00:00","twitter_card":"summary_large_image","schema":{"@context":"https:\/\/schema.org","@graph":[{"@type":"WebPage","@id":"https:\/\/tykabiten.fr\/politique-de-confidentialite\/","url":"https:\/\/tykabiten.fr\/politique-de-confidentialite\/","name":"Politique de confidentialit\u00e9 - Ty Kabiten, Bretagne","isPartOf":{"@id":"https:\/\/tykabiten.fr\/#website"},"datePublished":"2024-12-19T14:37:31+00:00","dateModified":"2024-12-19T14:39:37+00:00","breadcrumb":{"@id":"https:\/\/tykabiten.fr\/politique-de-confidentialite\/#breadcrumb"},"inLanguage":"en-GB","potentialAction":[{"@type":"ReadAction","target":["https:\/\/tykabiten.fr\/politique-de-confidentialite\/"]}]},{"@type":"BreadcrumbList","@id":"https:\/\/tykabiten.fr\/politique-de-confidentialite\/#breadcrumb","itemListElement":[{"@type":"ListItem","position":1,"name":"Accueil","item":"https:\/\/tykabiten.fr\/"},{"@type":"ListItem","position":2,"name":"Politique de confidentialit\u00e9"}]},{"@type":"WebSite","@id":"https:\/\/tykabiten.fr\/#website","url":"https:\/\/tykabiten.fr\/","name":"Ty Kabiten, Britanny","description":"Location Saisonniere en Bord de Mer - Locmariaquer, Morbihan","publisher":{"@id":"https:\/\/tykabiten.fr\/#organization"},"potentialAction":[{"@type":"SearchAction","target":{"@type":"EntryPoint","urlTemplate":"https:\/\/tykabiten.fr\/?s={search_term_string}"},"query-input":{"@type":"PropertyValueSpecification","valueRequired":true,"valueName":"search_term_string"}}],"inLanguage":"en-GB"},{"@type":"Organization","@id":"https:\/\/tykabiten.fr\/#organization","name":"Ty Kabiten, Britanny","url":"https:\/\/tykabiten.fr\/","logo":{"@type":"ImageObject","inLanguage":"en-GB","@id":"https:\/\/tykabiten.fr\/#\/schema\/logo\/image\/","url":"https:\/\/tykabiten.fr\/wp-content\/uploads\/2024\/10\/cropped-logo-no-bg.png","contentUrl":"https:\/\/tykabiten.fr\/wp-content\/uploads\/2024\/10\/cropped-logo-no-bg.png","width":200,"height":200,"caption":"Ty Kabiten, Bretagne"},"image":{"@id":"https:\/\/tykabiten.fr\/#\/schema\/logo\/image\/"}}]}},"_links":{"self":[{"href":"https:\/\/tykabiten.fr\/en\/wp-json\/wp\/v2\/pages\/4875","targetHints":{"allow":["GET"]}}],"collection":[{"href":"https:\/\/tykabiten.fr\/en\/wp-json\/wp\/v2\/pages"}],"about":[{"href":"https:\/\/tykabiten.fr\/en\/wp-json\/wp\/v2\/types\/page"}],"author":[{"embeddable":true,"href":"https:\/\/tykabiten.fr\/en\/wp-json\/wp\/v2\/users\/1"}],"replies":[{"embeddable":true,"href":"https:\/\/tykabiten.fr\/en\/wp-json\/wp\/v2\/comments?post=4875"}],"version-history":[{"count":0,"href":"https:\/\/tykabiten.fr\/en\/wp-json\/wp\/v2\/pages\/4875\/revisions"}],"wp:attachment":[{"href":"https:\/\/tykabiten.fr\/en\/wp-json\/wp\/v2\/media?parent=4875"}],"curies":[{"name":"wp","href":"https:\/\/api.w.org\/{rel}","templated":true}]}}